{"id":6856,"date":"2025-06-06T15:39:14","date_gmt":"2025-06-06T06:39:14","guid":{"rendered":"https:\/\/ryugakumura.com\/huong-dan-du-hoc"},"modified":"2025-12-27T15:58:24","modified_gmt":"2025-12-27T06:58:24","slug":"guide","status":"publish","type":"page","link":"https:\/\/ryugakumura.com\/vi\/guide","title":{"rendered":"H\u01b0\u1edbng d\u1eabn du h\u1ecdc"},"content":{"rendered":"\n<div class=\"swell-block-fullWide pc-py-60 sp-py-40 alignfull\"><div class=\"swell-block-fullWide__inner l-container\"><div class=\"p-postListWrap u-mb-ctrl u-mb-50\"><ul class=\"p-postList -type-card -pc-col3 -sp-col1\"><li class=\"p-postList__item\">\n\t<a href=\"https:\/\/ryugakumura.com\/vi\/guide\/onlineoraienglish\" class=\"p-postList__link\">\n\t\t<div class=\"p-postList__thumb c-postThumb\">\n\t<figure class=\"c-postThumb__figure\">\n\t\t<img decoding=\"async\" width=\"1024\" height=\"574\"  src=\"https:\/\/ryugakumura.com\/wp-content\/uploads\/2025\/10\/u5796383426_Please_create_a_two-part_image_comparing_two_Japa_2984e9cc-cfe1-4c4d-a752-27b38d1ac8b7_2-1024x574.png\" alt=\"H\u1ecdc ti\u1ebfng Anh tr\u1ef1c tuy\u1ebfn v\u00e0 \u1ee8ng d\u1ee5ng luy\u1ec7n n\u00f3i ti\u1ebfng Anh b\u1eb1ng AI\" class=\"c-postThumb__img u-obf-cover\" srcset=\"https:\/\/ryugakumura.com\/wp-content\/uploads\/2025\/10\/u5796383426_Please_create_a_two-part_image_comparing_two_Japa_2984e9cc-cfe1-4c4d-a752-27b38d1ac8b7_2-1024x574.png 1024w, https:\/\/ryugakumura.com\/wp-content\/uploads\/2025\/10\/u5796383426_Please_create_a_two-part_image_comparing_two_Japa_2984e9cc-cfe1-4c4d-a752-27b38d1ac8b7_2-300x168.png 300w, https:\/\/ryugakumura.com\/wp-content\/uploads\/2025\/10\/u5796383426_Please_create_a_two-part_image_comparing_two_Japa_2984e9cc-cfe1-4c4d-a752-27b38d1ac8b7_2-768x430.png 768w, https:\/\/ryugakumura.com\/wp-content\/uploads\/2025\/10\/u5796383426_Please_create_a_two-part_image_comparing_two_Japa_2984e9cc-cfe1-4c4d-a752-27b38d1ac8b7_2.png 1456w\" sizes=\"auto, (min-width: 960px) 400px, 100vw\" loading=\"lazy\" >\t<\/figure>\n\t<\/div>\n\t\t\t\t\t<div class=\"p-postList__body\">\n\t\t\t\t<h2 class=\"p-postList__title\">\u3010So s\u00e1nh chi ti\u1ebft\u3011H\u1ecdc ti\u1ebfng Anh tr\u1ef1c tuy\u1ebfn v\u00e0 \u1ee9ng d\u1ee5ng luy\u1ec7n n\u00f3i ti\u1ebfng Anh b\u1eb1ng AI: T\u1ed5ng h\u1ee3p chi ph\u00ed v\u00e0 \u0111\u1eb7c \u0111i\u1ec3m<\/h2>\t\t\t\t\t\t\t\t\t<div class=\"p-postList__excerpt\">\n\t\t\t\t\t\t\u3010So s\u00e1nh chi ti\u1ebft\u3011H\u1ecdc ti\u1ebfng Anh tr\u1ef1c tuy\u1ebfn v\u00e0 \u1ee9ng d\u1ee5ng luy\u1ec7n n\u00f3i ti\u1ebfng Anh b\u1eb1ng AI: T\u1ed5ng h\u1ee3p chi ph\u00ed v\u00e0 \u0111\u1eb7c \u0111i\u1ec3m So s\u00e1nh to\u00e0n di\u1ec7n h\u1ecdc ti\u1ebfng Anh tr\u1ef1c tuy\u1ebfn&#8230;\t\t\t\t\t<\/div>\n\t\t\t\t\t\t\t\t<div class=\"p-postList__meta\">\n\t\t\t\t\t\t\t\t\t<\/div>\n\t\t\t<\/div>\n\t\t\t<\/a>\n<\/li>\n<\/ul><\/div>\n\n\n<div class=\"swell-block-button is-style-btn_normal\"><a href=\"https:\/\/ryugakumura.com\/vi\/category\/guide\" class=\"swell-block-button__link\"><span>Xem th\u00eam<\/span><\/a><\/div>\n<\/div><\/div>\n","protected":false},"excerpt":{"rendered":"","protected":false},"author":1,"featured_media":0,"parent":0,"menu_order":0,"comment_status":"closed","ping_status":"closed","template":"","meta":{"swell_btn_cv_data":"","ssp_meta_description":"","footnotes":""},"class_list":["post-6856","page","type-page","status-publish","hentry"],"_links":{"self":[{"href":"https:\/\/ryugakumura.com\/vi\/wp-json\/wp\/v2\/pages\/6856","targetHints":{"allow":["GET"]}}],"collection":[{"href":"https:\/\/ryugakumura.com\/vi\/wp-json\/wp\/v2\/pages"}],"about":[{"href":"https:\/\/ryugakumura.com\/vi\/wp-json\/wp\/v2\/types\/page"}],"author":[{"embeddable":true,"href":"https:\/\/ryugakumura.com\/vi\/wp-json\/wp\/v2\/users\/1"}],"replies":[{"embeddable":true,"href":"https:\/\/ryugakumura.com\/vi\/wp-json\/wp\/v2\/comments?post=6856"}],"version-history":[{"count":1,"href":"https:\/\/ryugakumura.com\/vi\/wp-json\/wp\/v2\/pages\/6856\/revisions"}],"predecessor-version":[{"id":6857,"href":"https:\/\/ryugakumura.com\/vi\/wp-json\/wp\/v2\/pages\/6856\/revisions\/6857"}],"wp:attachment":[{"href":"https:\/\/ryugakumura.com\/vi\/wp-json\/wp\/v2\/media?parent=6856"}],"curies":[{"name":"wp","href":"https:\/\/api.w.org\/{rel}","templated":true}]}}