{"id":7022,"date":"2025-11-23T10:18:10","date_gmt":"2025-11-23T01:18:10","guid":{"rendered":"https:\/\/ryugakumura.com\/dieu-khoan-su-dung"},"modified":"2025-12-26T14:16:23","modified_gmt":"2025-12-26T05:16:23","slug":"terms","status":"publish","type":"page","link":"https:\/\/ryugakumura.com\/vi\/terms","title":{"rendered":"\u0110i\u1ec1u kho\u1ea3n s\u1eed d\u1ee5ng"},"content":{"rendered":"\n<h2 class=\"wp-block-heading\">\u0110i\u1ec1u kho\u1ea3n s\u1eed d\u1ee5ng<\/h2>\n\n<p>C\u00e1c \u0110i\u1ec1u kho\u1ea3n s\u1eed d\u1ee5ng n\u00e0y (sau \u0111\u00e2y g\u1ecdi l\u00e0 \u201c\u0110i\u1ec1u kho\u1ea3n\u201d) quy \u0111\u1ecbnh c\u00e1c \u0111i\u1ec1u ki\u1ec7n s\u1eed d\u1ee5ng d\u1ecbch v\u1ee5 \u201cRyugakumura\u201d (URL: https:\/\/ryugakumura.com\/vi, sau \u0111\u00e2y g\u1ecdi l\u00e0 \u201cD\u1ecbch v\u1ee5\u201d) do C\u00f4ng ty QIDGE Co., Ltd. (sau \u0111\u00e2y g\u1ecdi l\u00e0 \u201cC\u00f4ng ty\u201d) v\u1eadn h\u00e0nh. Ng\u01b0\u1eddi s\u1eed d\u1ee5ng D\u1ecbch v\u1ee5 (sau \u0111\u00e2y g\u1ecdi l\u00e0 \u201cNg\u01b0\u1eddi d\u00f9ng\u201d) \u0111\u01b0\u1ee3c xem l\u00e0 \u0111\u00e3 \u0111\u1ed3ng \u00fd v\u1edbi c\u00e1c \u0110i\u1ec1u kho\u1ea3n n\u00e0y.<\/p>\n\n<p>\u0110i\u1ec1u 1 (Ph\u1ea1m vi \u00e1p d\u1ee5ng)<br\/>C\u00e1c \u0110i\u1ec1u kho\u1ea3n n\u00e0y \u00e1p d\u1ee5ng cho m\u1ecdi m\u1ed1i quan h\u1ec7 li\u00ean quan \u0111\u1ebfn vi\u1ec7c s\u1eed d\u1ee5ng D\u1ecbch v\u1ee5 gi\u1eefa Ng\u01b0\u1eddi d\u00f9ng v\u00e0 C\u00f4ng ty.<\/p>\n\n<p>\u0110i\u1ec1u 2 (H\u00e0nh vi b\u1ecb c\u1ea5m)<br\/>Ng\u01b0\u1eddi d\u00f9ng kh\u00f4ng \u0111\u01b0\u1ee3c th\u1ef1c hi\u1ec7n c\u00e1c h\u00e0nh vi sau:<br\/>\u30fbH\u00e0nh vi vi ph\u1ea1m ph\u00e1p lu\u1eadt ho\u1eb7c tr\u1eadt t\u1ef1 c\u00f4ng c\u1ed9ng v\u00e0 \u0111\u1ea1o \u0111\u1ee9c x\u00e3 h\u1ed9i<br\/>\u30fb\u0110\u0103ng k\u00fd ho\u1eb7c cung c\u1ea5p th\u00f4ng tin sai s\u1ef1 th\u1eadt<br\/>\u30fbH\u00e0nh vi x\u00e2m ph\u1ea1m quy\u1ec1n l\u1ee3i c\u1ee7a C\u00f4ng ty ho\u1eb7c b\u00ean th\u1ee9 ba<br\/>\u30fbTruy c\u1eadp tr\u00e1i ph\u00e9p, g\u1eedi spam ho\u1eb7c c\u00e1c h\u00e0nh vi gian l\u1eadn kh\u00e1c<br\/>\u30fbL\u1ea1m d\u1ee5ng ch\u01b0\u01a1ng tr\u00ecnh li\u00ean k\u1ebft (affiliate), \u0111\u0103ng k\u00fd gian l\u1eadn nh\u1eb1m m\u1ee5c \u0111\u00edch nh\u1eadn hoa h\u1ed3ng kh\u00f4ng \u0111\u00fang, v.v.<br\/>\u30fbH\u00e0nh vi g\u00e2y c\u1ea3n tr\u1edf ho\u1ea1t \u0111\u1ed9ng c\u1ee7a D\u1ecbch v\u1ee5<\/p>\n\n<p>\u0110i\u1ec1u 3 (X\u1eed l\u00fd th\u00f4ng tin c\u00e1 nh\u00e2n v\u00e0 th\u00f4ng tin li\u00ean quan \u0111\u1ebfn c\u00e1 nh\u00e2n)<\/p>\n\n<ol class=\"wp-block-list\">\n<li>\u5f53\u793e\u306f\u3001\u30e6\u30fc\u30b6\u30fc\u304c\u63d0\u4f9b\u3057\u305f\u500b\u4eba\u60c5\u5831\uff08\u6c0f\u540d\u3001\u30e1\u30fc\u30eb\u30a2\u30c9\u30ec\u30b9\u3001\u96fb\u8a71\u756a\u53f7\u7b49\uff09\u3092\u3001\u30d7\u30e9\u30a4\u30d0\u30b7\u30fc\u30dd\u30ea\u30b7\u30fc\u306b\u57fa\u3065\u304d\u9069\u5207\u306b\u53d6\u308a\u6271\u3044\u307e\u3059\u3002<\/li>\n\n\n\n<li>C\u00f4ng ty s\u1ebd x\u1eed l\u00fd th\u00edch h\u1ee3p c\u00e1c th\u00f4ng tin c\u00e1 nh\u00e2n do Ng\u01b0\u1eddi d\u00f9ng cung c\u1ea5p (nh\u01b0 h\u1ecd t\u00ean, \u0111\u1ecba ch\u1ec9 email, s\u1ed1 \u0111i\u1ec7n tho\u1ea1i, v.v.) theo Ch\u00ednh s\u00e1ch b\u1ea3o m\u1eadt.<br\/>C\u00f4ng ty c\u00f3 th\u1ec3 thu th\u1eadp \u201cth\u00f4ng tin li\u00ean quan \u0111\u1ebfn c\u00e1 nh\u00e2n\u201d c\u1ee7a Ng\u01b0\u1eddi d\u00f9ng nh\u01b0 cookie, m\u00e3 \u0111\u1ecbnh danh qu\u1ea3ng c\u00e1o (IDFA\/AAID), \u0111\u1ecba ch\u1ec9 IP, l\u1ecbch s\u1eed truy c\u1eadp, l\u1ecbch s\u1eed nh\u1ea5p chu\u1ed9t, v.v., v\u00e0 khi c\u1ea7n thi\u1ebft, li\u00ean k\u1ebft c\u00e1c th\u00f4ng tin n\u00e0y v\u1edbi d\u1eef li\u1ec7u c\u00e1 nh\u00e2n m\u00e0 C\u00f4ng ty \u0111ang n\u1eafm gi\u1eef \u0111\u1ec3 s\u1eed d\u1ee5ng cho c\u00e1c m\u1ee5c \u0111\u00edch sau:<br\/>\u30fbPh\u00e2n ph\u1ed1i qu\u1ea3ng c\u00e1o v\u00e0 \u0111o l\u01b0\u1eddng hi\u1ec7u qu\u1ea3 qu\u1ea3ng c\u00e1o<br\/>\u30fb\u0110o l\u01b0\u1eddng hi\u1ec7u qu\u1ea3 c\u1ee7a ch\u01b0\u01a1ng tr\u00ecnh li\u00ean k\u1ebft (affiliate)<br\/>\u30fbC\u1ea3i thi\u1ec7n D\u1ecbch v\u1ee5 v\u00e0 ph\u00e2n t\u00edch ti\u1ebfp th\u1ecb<br\/>\u30fbPh\u00f2ng ng\u1eeba h\u00e0nh vi gian l\u1eadn v\u00e0 \u0111\u1ea3m b\u1ea3o an ninh<\/li>\n\n\n\n<li>Ng\u01b0\u1eddi d\u00f9ng \u0111\u1ed3ng \u00fd r\u1eb1ng C\u00f4ng ty c\u00f3 th\u1ec3 cung c\u1ea5p c\u00e1c th\u00f4ng tin n\u00eau tr\u00ean cho b\u00ean th\u1ee9 ba nh\u01b0 \u0111\u01a1n v\u1ecb ph\u00e2n ph\u1ed1i qu\u1ea3ng c\u00e1o, nh\u00e0 cung c\u1ea5p d\u1ecbch v\u1ee5 li\u00ean k\u1ebft (ASP) v\u00e0 \u0111\u01a1n v\u1ecb ph\u00e2n t\u00edch d\u1eef li\u1ec7u.<\/li>\n<\/ol>\n\n<p>\u0110i\u1ec1u 4 (Cung c\u1ea5p D\u1ecbch v\u1ee5)<br\/>C\u00f4ng ty c\u00f3 th\u1ec3 thay \u0111\u1ed5i n\u1ed9i dung, t\u1ea1m ng\u1eebng ho\u1eb7c ch\u1ea5m d\u1ee9t D\u1ecbch v\u1ee5 m\u00e0 kh\u00f4ng c\u1ea7n th\u00f4ng b\u00e1o tr\u01b0\u1edbc cho Ng\u01b0\u1eddi d\u00f9ng<\/p>\n\n<p>\u0110i\u1ec1u 5 (Mi\u1ec5n tr\u1eeb tr\u00e1ch nhi\u1ec7m)<\/p>\n\n<ol class=\"wp-block-list\">\n<li>C\u00f4ng ty kh\u00f4ng ch\u1ecbu tr\u00e1ch nhi\u1ec7m \u0111\u1ed1i v\u1edbi b\u1ea5t k\u1ef3 thi\u1ec7t h\u1ea1i n\u00e0o c\u1ee7a Ng\u01b0\u1eddi d\u00f9ng ph\u00e1t sinh li\u00ean quan \u0111\u1ebfn D\u1ecbch v\u1ee5.<\/li>\n\n\n\n<li>Quy\u1ebft \u0111\u1ecbnh cu\u1ed1i c\u00f9ng li\u00ean quan \u0111\u1ebfn vi\u1ec7c du h\u1ecdc thu\u1ed9c v\u1ec1 tr\u00e1ch nhi\u1ec7m c\u1ee7a Ng\u01b0\u1eddi d\u00f9ng, v\u00e0 C\u00f4ng ty kh\u00f4ng \u0111\u01b0a ra b\u1ea5t k\u1ef3 s\u1ef1 b\u1ea3o \u0111\u1ea3m n\u00e0o.<\/li>\n<\/ol>\n\n<p>\u0110i\u1ec1u 6 (H\u1ea1n ch\u1ebf s\u1eed d\u1ee5ng v\u00e0 h\u1ee7y \u0111\u0103ng k\u00fd)<br\/>Trong tr\u01b0\u1eddng h\u1ee3p Ng\u01b0\u1eddi d\u00f9ng vi ph\u1ea1m c\u00e1c \u0110i\u1ec1u kho\u1ea3n n\u00e0y, C\u00f4ng ty c\u00f3 th\u1ec3 t\u1ea1m ng\u1eebng vi\u1ec7c s\u1eed d\u1ee5ng D\u1ecbch v\u1ee5 ho\u1eb7c h\u1ee7y \u0111\u0103ng k\u00fd c\u1ee7a Ng\u01b0\u1eddi d\u00f9ng.<\/p>\n\n<p>\u0110i\u1ec1u 7 (Quy\u1ec1n s\u1edf h\u1eefu tr\u00ed tu\u1ec7)<br\/>B\u1ea3n quy\u1ec1n \u0111\u1ed1i v\u1edbi c\u00e1c v\u0103n b\u1ea3n, h\u00ecnh \u1ea3nh, video v\u00e0 c\u00e1c n\u1ed9i dung kh\u00e1c do D\u1ecbch v\u1ee5 cung c\u1ea5p thu\u1ed9c v\u1ec1 C\u00f4ng ty.<\/p>\n\n<p>\u0110i\u1ec1u 8 (Ch\u00ednh s\u00e1ch b\u1ea3o m\u1eadt)<br\/>Vi\u1ec7c x\u1eed l\u00fd th\u00f4ng tin c\u00e1 nh\u00e2n v\u00e0 th\u00f4ng tin li\u00ean quan \u0111\u1ebfn c\u00e1 nh\u00e2n s\u1ebd tu\u00e2n theo Ch\u00ednh s\u00e1ch b\u1ea3o m\u1eadt c\u1ee7a C\u00f4ng ty.<\/p>\n\n<p>\u0110i\u1ec1u 9 (Thay \u0111\u1ed5i \u0110i\u1ec1u kho\u1ea3n)<br\/>C\u00f4ng ty c\u00f3 quy\u1ec1n thay \u0111\u1ed5i c\u00e1c \u0110i\u1ec1u kho\u1ea3n n\u00e0y, v\u00e0 c\u00e1c \u0110i\u1ec1u kho\u1ea3n \u0111\u00e3 \u0111\u01b0\u1ee3c thay \u0111\u1ed5i s\u1ebd c\u00f3 hi\u1ec7u l\u1ef1c k\u1ec3 t\u1eeb th\u1eddi \u0111i\u1ec3m \u0111\u01b0\u1ee3c \u0111\u0103ng t\u1ea3i tr\u00ean trang web.<\/p>\n\n<p>\u0110i\u1ec1u 10 (Lu\u1eadt \u00e1p d\u1ee5ng v\u00e0 th\u1ea9m quy\u1ec1n x\u00e9t x\u1eed)<br\/>C\u00e1c \u0110i\u1ec1u kho\u1ea3n n\u00e0y \u0111\u01b0\u1ee3c \u0111i\u1ec1u ch\u1ec9nh b\u1edfi ph\u00e1p lu\u1eadt Nh\u1eadt B\u1ea3n, v\u00e0 m\u1ecdi tranh ch\u1ea5p s\u1ebd thu\u1ed9c th\u1ea9m quy\u1ec1n x\u00e9t x\u1eed \u0111\u1ed9c quy\u1ec1n c\u1ee7a t\u00f2a \u00e1n Nh\u1eadt B\u1ea3n c\u00f3 th\u1ea9m quy\u1ec1n t\u1ea1i n\u01a1i \u0111\u1eb7t tr\u1ee5 s\u1edf c\u1ee7a C\u00f4ng ty.<\/p>\n","protected":false},"excerpt":{"rendered":"<p>\u0110i\u1ec1u kho\u1ea3n s\u1eed d\u1ee5ng C\u00e1c \u0110i\u1ec1u kho\u1ea3n s\u1eed d\u1ee5ng n\u00e0y (sau \u0111\u00e2y g\u1ecdi l\u00e0 \u201c\u0110i\u1ec1u kho\u1ea3n\u201d) quy \u0111\u1ecbnh c\u00e1c \u0111i\u1ec1u ki\u1ec7n s\u1eed d\u1ee5ng d\u1ecbch v\u1ee5 \u201cRyugakumura\u201d (URL: https:\/\/ryugakumura.com\/vi, sau \u0111\u00e2y g\u1ecdi l\u00e0 \u201cD\u1ecbch v\u1ee5\u201d) do C\u00f4ng ty QIDGE Co., Ltd. (sau \u0111\u00e2y g\u1ecdi l\u00e0 \u201cC\u00f4ng ty\u201d) v\u1eadn h\u00e0nh. Ng\u01b0\u1eddi s\u1eed d\u1ee5ng D\u1ecbch v\u1ee5 (sau \u0111\u00e2y [&hellip;]<\/p>\n","protected":false},"author":1,"featured_media":0,"parent":0,"menu_order":0,"comment_status":"closed","ping_status":"closed","template":"","meta":{"swell_btn_cv_data":"","ssp_meta_description":"","footnotes":""},"class_list":["post-7022","page","type-page","status-publish","hentry"],"_links":{"self":[{"href":"https:\/\/ryugakumura.com\/vi\/wp-json\/wp\/v2\/pages\/7022","targetHints":{"allow":["GET"]}}],"collection":[{"href":"https:\/\/ryugakumura.com\/vi\/wp-json\/wp\/v2\/pages"}],"about":[{"href":"https:\/\/ryugakumura.com\/vi\/wp-json\/wp\/v2\/types\/page"}],"author":[{"embeddable":true,"href":"https:\/\/ryugakumura.com\/vi\/wp-json\/wp\/v2\/users\/1"}],"replies":[{"embeddable":true,"href":"https:\/\/ryugakumura.com\/vi\/wp-json\/wp\/v2\/comments?post=7022"}],"version-history":[{"count":1,"href":"https:\/\/ryugakumura.com\/vi\/wp-json\/wp\/v2\/pages\/7022\/revisions"}],"predecessor-version":[{"id":7023,"href":"https:\/\/ryugakumura.com\/vi\/wp-json\/wp\/v2\/pages\/7022\/revisions\/7023"}],"wp:attachment":[{"href":"https:\/\/ryugakumura.com\/vi\/wp-json\/wp\/v2\/media?parent=7022"}],"curies":[{"name":"wp","href":"https:\/\/api.w.org\/{rel}","templated":true}]}}