{"id":7032,"date":"2025-11-23T10:22:50","date_gmt":"2025-11-23T01:22:50","guid":{"rendered":"https:\/\/ryugakumura.com\/?page_id=7032"},"modified":"2026-01-05T16:02:59","modified_gmt":"2026-01-05T07:02:59","slug":"privacy-policy","status":"publish","type":"page","link":"https:\/\/ryugakumura.com\/vi\/privacy-policy","title":{"rendered":"Ch\u00ednh s\u00e1ch b\u1ea3o m\u1eadt"},"content":{"rendered":"\n<p>C\u00f4ng ty QIDGE Co., Ltd. (sau \u0111\u00e2y g\u1ecdi l\u00e0 \u201cC\u00f4ng ty\u201d) thi\u1ebft l\u1eadp Ch\u00ednh s\u00e1ch b\u1ea3o m\u1eadt n\u00e0y (sau \u0111\u00e2y g\u1ecdi l\u00e0 \u201cCh\u00ednh s\u00e1ch\u201d) li\u00ean quan \u0111\u1ebfn vi\u1ec7c x\u1eed l\u00fd th\u00f4ng tin c\u00e1 nh\u00e2n v\u00e0 th\u00f4ng tin li\u00ean quan \u0111\u1ebfn c\u00e1 nh\u00e2n c\u1ee7a ng\u01b0\u1eddi d\u00f9ng \u0111\u1ed1i v\u1edbi d\u1ecbch v\u1ee5 \u201cRyugakumura\u201d (URL:\u00a0<a href=\"https:\/\/ryugakumura.com\/vi\" data-type=\"link\" data-id=\"https:\/\/ryugakumura.com\/vi\">https:\/\/ryugakumura.com\/vi<\/a>, sau \u0111\u00e2y g\u1ecdi l\u00e0 \u201cD\u1ecbch v\u1ee5\u201d) do C\u00f4ng ty v\u1eadn h\u00e0nh.<\/p>\n\n\n\n<hr class=\"wp-block-separator has-alpha-channel-opacity\"\/>\n\n\n\n<p><strong>\u0110i\u1ec1u 1 (\u0110\u1ecbnh ngh\u0129a)<\/strong><\/p>\n\n\n\n<ol class=\"wp-block-list\">\n<li>\u201cTh\u00f4ng tin c\u00e1 nh\u00e2n\u201d l\u00e0 th\u00f4ng tin c\u00f3 th\u1ec3 x\u00e1c \u0111\u1ecbnh m\u1ed9t c\u00e1 nh\u00e2n c\u1ee5 th\u1ec3, ch\u1eb3ng h\u1ea1n nh\u01b0 h\u1ecd t\u00ean, \u0111\u1ecba ch\u1ec9, s\u1ed1 \u0111i\u1ec7n tho\u1ea1i, \u0111\u1ecba ch\u1ec9 email, v.v.<\/li>\n\n\n\n<li>\u201cTh\u00f4ng tin li\u00ean quan \u0111\u1ebfn c\u00e1 nh\u00e2n\u201d l\u00e0 th\u00f4ng tin m\u00e0 b\u1ea3n th\u00e2n n\u00f3 kh\u00f4ng th\u1ec3 x\u00e1c \u0111\u1ecbnh m\u1ed9t c\u00e1 nh\u00e2n c\u1ee5 th\u1ec3, ch\u1eb3ng h\u1ea1n nh\u01b0 cookie, m\u00e3 \u0111\u1ecbnh danh qu\u1ea3ng c\u00e1o (IDFA, AAID), \u0111\u1ecba ch\u1ec9 IP, l\u1ecbch s\u1eed truy c\u1eadp, th\u00f4ng tin nh\u1ea5p chu\u1ed9t, th\u00f4ng tin thi\u1ebft b\u1ecb, v.v.<\/li>\n<\/ol>\n\n\n\n<hr class=\"wp-block-separator has-alpha-channel-opacity\"\/>\n\n\n\n<p><strong>\u0110i\u1ec1u 2 (Th\u00f4ng tin \u0111\u01b0\u1ee3c thu th\u1eadp)<\/strong><br>C\u00f4ng ty thu th\u1eadp v\u00e0 s\u1eed d\u1ee5ng c\u00e1c th\u00f4ng tin sau:<br>\u30fbTh\u00f4ng tin c\u00e1 nh\u00e2n nh\u01b0 h\u1ecd t\u00ean, \u0111\u1ecba ch\u1ec9 email, s\u1ed1 \u0111i\u1ec7n tho\u1ea1i v\u00e0 n\u1ed9i dung li\u00ean h\u1ec7 do ng\u01b0\u1eddi d\u00f9ng nh\u1eadp th\u00f4ng qua bi\u1ec3u m\u1eabu ho\u1eb7c c\u00e1c ph\u01b0\u01a1ng th\u1ee9c t\u01b0\u01a1ng t\u1ef1<br>\u30fbTh\u00f4ng tin li\u00ean quan \u0111\u1ebfn c\u00e1 nh\u00e2n nh\u01b0 cookie, ID qu\u1ea3ng c\u00e1o, \u0111\u1ecba ch\u1ec9 IP, l\u1ecbch s\u1eed truy c\u1eadp, th\u1eddi gian truy c\u1eadp, th\u00f4ng tin nh\u1ea5p chu\u1ed9t, v.v.<br>\u30fbTh\u00f4ng tin ph\u00e2n t\u00edch truy c\u1eadp do c\u00e1c doanh nghi\u1ec7p qu\u1ea3ng c\u00e1o, nh\u00e0 cung c\u1ea5p d\u1ecbch v\u1ee5 li\u00ean k\u1ebft (ASP) v\u00e0 c\u00e1c b\u00ean li\u00ean quan kh\u00e1c cung c\u1ea5p<\/p>\n\n\n\n<hr class=\"wp-block-separator has-alpha-channel-opacity\"\/>\n\n\n\n<p><strong>\u0110i\u1ec1u 3 (M\u1ee5c \u0111\u00edch s\u1eed d\u1ee5ng)<\/strong><br>C\u00f4ng ty s\u1eed d\u1ee5ng th\u00f4ng tin \u0111\u00e3 thu th\u1eadp cho c\u00e1c m\u1ee5c \u0111\u00edch sau:<br>\u30fbCung c\u1ea5p v\u00e0 v\u1eadn h\u00e0nh D\u1ecbch v\u1ee5<br>\u30fbCung c\u1ea5p th\u00f4ng tin v\u00e0 t\u01b0 v\u1ea5n li\u00ean quan \u0111\u1ebfn du h\u1ecdc<br>\u30fbPh\u00e2n ph\u1ed1i qu\u1ea3ng c\u00e1o v\u00e0 \u0111o l\u01b0\u1eddng hi\u1ec7u qu\u1ea3 qu\u1ea3ng c\u00e1o<br>\u30fb\u0110o l\u01b0\u1eddng hi\u1ec7u qu\u1ea3 c\u1ee7a ch\u01b0\u01a1ng tr\u00ecnh li\u00ean k\u1ebft (affiliate)<br>\u30fbC\u1ea3i thi\u1ec7n D\u1ecbch v\u1ee5 v\u00e0 ph\u00e2n t\u00edch ti\u1ebfp th\u1ecb<br>\u30fb\u0110\u1ea3m b\u1ea3o an ninh, bao g\u1ed3m ph\u00f2ng ng\u1eeba truy c\u1eadp tr\u00e1i ph\u00e9p v\u00e0 spam<br>\u30fbTh\u1ef1c hi\u1ec7n c\u00e1c ngh\u0129a v\u1ee5 theo quy \u0111\u1ecbnh c\u1ee7a ph\u00e1p lu\u1eadt<\/p>\n\n\n\n<hr class=\"wp-block-separator has-alpha-channel-opacity\"\/>\n\n\n\n<p><strong>\u0110i\u1ec1u 4 (Li\u00ean k\u1ebft th\u00f4ng tin li\u00ean quan \u0111\u1ebfn c\u00e1 nh\u00e2n v\u1edbi d\u1eef li\u1ec7u c\u00e1 nh\u00e2n)<\/strong><br>V\u1edbi s\u1ef1 \u0111\u1ed3ng \u00fd c\u1ee7a ng\u01b0\u1eddi d\u00f9ng, C\u00f4ng ty c\u00f3 th\u1ec3 li\u00ean k\u1ebft th\u00f4ng tin li\u00ean quan \u0111\u1ebfn c\u00e1 nh\u00e2n \u0111\u00e3 thu th\u1eadp v\u1edbi th\u00f4ng tin c\u00e1 nh\u00e2n m\u00e0 C\u00f4ng ty \u0111ang l\u01b0u gi\u1eef v\u00e0 s\u1eed d\u1ee5ng cho c\u00e1c m\u1ee5c \u0111\u00edch nh\u01b0 ph\u00e2n ph\u1ed1i qu\u1ea3ng c\u00e1o, \u0111o l\u01b0\u1eddng hi\u1ec7u qu\u1ea3 qu\u1ea3ng c\u00e1o, \u0111o l\u01b0\u1eddng k\u1ebft qu\u1ea3 li\u00ean k\u1ebft v\u00e0 ph\u00e2n t\u00edch ti\u1ebfp th\u1ecb.<\/p>\n\n\n\n<hr class=\"wp-block-separator has-alpha-channel-opacity\"\/>\n\n\n\n<p><strong>\u0110i\u1ec1u 5 (Cung c\u1ea5p cho b\u00ean th\u1ee9 ba)<\/strong><br>\u0110\u1ec3 \u0111\u1ea1t \u0111\u01b0\u1ee3c c\u00e1c m\u1ee5c \u0111\u00edch n\u00eau t\u1ea1i \u0110i\u1ec1u tr\u01b0\u1edbc, C\u00f4ng ty c\u00f3 th\u1ec3 cung c\u1ea5p th\u00f4ng tin cho c\u00e1c b\u00ean th\u1ee9 ba sau:<br>\u30fbNh\u00e0 cung c\u1ea5p d\u1ecbch v\u1ee5 li\u00ean k\u1ebft (affiliate) (A8, afb, ValueCommerce, v.v.)<br>\u30fbNh\u00e0 cung c\u1ea5p d\u1ecbch v\u1ee5 ph\u00e2n ph\u1ed1i qu\u1ea3ng c\u00e1o (Google, Meta, TikTok Ads, v.v.)<br>\u30fbNh\u00e0 cung c\u1ea5p d\u1ecbch v\u1ee5 ph\u00e2n t\u00edch truy c\u1eadp<\/p>\n\n\n\n<p>Th\u00f4ng tin \u0111\u01b0\u1ee3c cung c\u1ea5p s\u1ebd \u0111\u01b0\u1ee3c gi\u1edbi h\u1ea1n \u1edf m\u1ee9c t\u1ed1i thi\u1ec3u c\u1ea7n thi\u1ebft v\u00e0 c\u00e1c bi\u1ec7n ph\u00e1p qu\u1ea3n l\u00fd an to\u00e0n ph\u00f9 h\u1ee3p s\u1ebd \u0111\u01b0\u1ee3c \u00e1p d\u1ee5ng.<\/p>\n\n\n\n<hr class=\"wp-block-separator has-alpha-channel-opacity\"\/>\n\n\n\n<p><strong>\u0110i\u1ec1u 6 (S\u1eed d\u1ee5ng Cookie v\u00e0 c\u00e1c c\u00f4ng ngh\u1ec7 t\u01b0\u01a1ng t\u1ef1)<\/strong><br>C\u00f4ng ty s\u1eed d\u1ee5ng c\u00e1c c\u00f4ng ngh\u1ec7 nh\u01b0 cookie \u0111\u1ec3 thu th\u1eadp l\u1ecbch s\u1eed h\u00e0nh vi c\u1ee7a ng\u01b0\u1eddi d\u00f9ng. Ng\u01b0\u1eddi d\u00f9ng c\u00f3 th\u1ec3 t\u1eeb ch\u1ed1i cookie th\u00f4ng qua c\u00e0i \u0111\u1eb7t tr\u00ecnh duy\u1ec7t.<\/p>\n\n\n\n<hr class=\"wp-block-separator has-alpha-channel-opacity\"\/>\n\n\n\n<p><strong>\u0110i\u1ec1u 7 (Bi\u1ec7n ph\u00e1p qu\u1ea3n l\u00fd an to\u00e0n)<\/strong><br>C\u00f4ng ty th\u1ef1c hi\u1ec7n c\u00e1c bi\u1ec7n ph\u00e1p qu\u1ea3n l\u00fd an to\u00e0n c\u1ea7n thi\u1ebft nh\u1eb1m ng\u0103n ng\u1eeba r\u00f2 r\u1ec9, m\u1ea5t m\u00e1t ho\u1eb7c h\u01b0 h\u1ecfng th\u00f4ng tin.<\/p>\n\n\n\n<hr class=\"wp-block-separator has-alpha-channel-opacity\"\/>\n\n\n\n<p><strong>\u0110i\u1ec1u 8 (C\u00f4ng khai, ch\u1ec9nh s\u1eeda v\u00e0 x\u00f3a th\u00f4ng tin c\u00e1 nh\u00e2n)<\/strong><br>Ng\u01b0\u1eddi d\u00f9ng c\u00f3 th\u1ec3 y\u00eau c\u1ea7u C\u00f4ng ty c\u00f4ng khai, ch\u1ec9nh s\u1eeda, x\u00f3a ho\u1eb7c th\u1ef1c hi\u1ec7n c\u00e1c bi\u1ec7n ph\u00e1p t\u01b0\u01a1ng t\u1ef1 \u0111\u1ed1i v\u1edbi th\u00f4ng tin c\u00e1 nh\u00e2n c\u1ee7a m\u00ecnh.<br>C\u00e1c y\u00eau c\u1ea7u s\u1ebd \u0111\u01b0\u1ee3c ti\u1ebfp nh\u1eadn qua email.<\/p>\n\n\n\n<hr class=\"wp-block-separator has-alpha-channel-opacity\"\/>\n\n\n\n<p><strong>\u0110i\u1ec1u 9 (Thay \u0111\u1ed5i Ch\u00ednh s\u00e1ch b\u1ea3o m\u1eadt)<\/strong><br>Ch\u00ednh s\u00e1ch n\u00e0y c\u00f3 th\u1ec3 \u0111\u01b0\u1ee3c thay \u0111\u1ed5i khi c\u1ea7n thi\u1ebft. Ch\u00ednh s\u00e1ch \u0111\u00e3 \u0111\u01b0\u1ee3c thay \u0111\u1ed5i s\u1ebd c\u00f3 hi\u1ec7u l\u1ef1c k\u1ec3 t\u1eeb th\u1eddi \u0111i\u1ec3m \u0111\u01b0\u1ee3c \u0111\u0103ng t\u1ea3i tr\u00ean trang web n\u00e0y.<\/p>\n","protected":false},"excerpt":{"rendered":"<p>C\u00f4ng ty QIDGE Co., Ltd. (sau \u0111\u00e2y g\u1ecdi l\u00e0 \u201cC\u00f4ng ty\u201d) thi\u1ebft l\u1eadp Ch\u00ednh s\u00e1ch b\u1ea3o m\u1eadt n\u00e0y (sau \u0111\u00e2y g\u1ecdi l\u00e0 \u201cCh\u00ednh s\u00e1ch\u201d) li\u00ean quan \u0111\u1ebfn vi\u1ec7c x\u1eed l\u00fd th\u00f4ng tin c\u00e1 nh\u00e2n v\u00e0 th\u00f4ng tin li\u00ean quan \u0111\u1ebfn c\u00e1 nh\u00e2n c\u1ee7a ng\u01b0\u1eddi d\u00f9ng \u0111\u1ed1i v\u1edbi d\u1ecbch v\u1ee5 \u201cRyugakumura\u201d (URL:\u00a0https:\/\/ryugakumura.com\/vi, sau \u0111\u00e2y g\u1ecdi l\u00e0 [&hellip;]<\/p>\n","protected":false},"author":1,"featured_media":0,"parent":0,"menu_order":0,"comment_status":"closed","ping_status":"closed","template":"","meta":{"swell_btn_cv_data":"","ssp_meta_description":"","footnotes":""},"class_list":["post-7032","page","type-page","status-publish","hentry"],"_links":{"self":[{"href":"https:\/\/ryugakumura.com\/vi\/wp-json\/wp\/v2\/pages\/7032","targetHints":{"allow":["GET"]}}],"collection":[{"href":"https:\/\/ryugakumura.com\/vi\/wp-json\/wp\/v2\/pages"}],"about":[{"href":"https:\/\/ryugakumura.com\/vi\/wp-json\/wp\/v2\/types\/page"}],"author":[{"embeddable":true,"href":"https:\/\/ryugakumura.com\/vi\/wp-json\/wp\/v2\/users\/1"}],"replies":[{"embeddable":true,"href":"https:\/\/ryugakumura.com\/vi\/wp-json\/wp\/v2\/comments?post=7032"}],"version-history":[{"count":1,"href":"https:\/\/ryugakumura.com\/vi\/wp-json\/wp\/v2\/pages\/7032\/revisions"}],"predecessor-version":[{"id":7033,"href":"https:\/\/ryugakumura.com\/vi\/wp-json\/wp\/v2\/pages\/7032\/revisions\/7033"}],"wp:attachment":[{"href":"https:\/\/ryugakumura.com\/vi\/wp-json\/wp\/v2\/media?parent=7032"}],"curies":[{"name":"wp","href":"https:\/\/api.w.org\/{rel}","templated":true}]}}