{"id":7380,"date":"2025-06-18T14:03:55","date_gmt":"2025-06-18T05:03:55","guid":{"rendered":"https:\/\/ryugakumura.com\/tu-van-mien-phi"},"modified":"2026-01-05T16:08:19","modified_gmt":"2026-01-05T07:08:19","slug":"contact","status":"publish","type":"page","link":"https:\/\/ryugakumura.com\/vi\/contact","title":{"rendered":"T\u01b0 v\u1ea5n mi\u1ec5n ph\u00ed"},"content":{"rendered":"\n<h2 class=\"wp-block-heading is-style-section_ttl\">Bi\u1ec3u m\u1eabu li\u00ean h\u1ec7<\/h2>\n\n<div class=\"wp-block-group has-border -border02\"><div class=\"wp-block-group__inner-container is-layout-constrained wp-block-group-is-layout-constrained\">\n<p>Ryugaku Mura c\u00f3 h\u01a1n 10 n\u0103m kinh nghi\u1ec7m trong vi\u1ec7c h\u1ed7 tr\u1ee3 du h\u1ecdc Philippines.<\/p>\n\n\n\n<ul class=\"wp-block-list is-style-check_list\">\n<li><strong>H\u01a1n 10 n\u0103m kinh nghi\u1ec7m \u00d7 t\u01b0 v\u1ea5n vi\u00ean \u0111ang s\u1ed1ng t\u1ea1i \u0111\u1ecba ph\u01b0\u01a1ng<\/strong><\/li>\n\n\n\n<li><strong>H\u1ed7 tr\u1ee3 du h\u1ecdc Philippines \u0111\u01b0\u1ee3c tin c\u1eady li\u00ean t\u1ee5c<\/strong><\/li>\n\n\n\n<li><strong>Th\u00f4ng tin m\u1edbi nh\u1ea5t tr\u1ef1c ti\u1ebfp t\u1eeb \u0111\u1ecba ph\u01b0\u01a1ng<\/strong><\/li>\n<\/ul>\n\n\n\n<p>T\u01b0 v\u1ea5n vi\u00ean c\u1ee7a ch\u00fang t\u00f4i s\u1ed1ng t\u1ea1i Philippines, v\u00ec v\u1eady c\u00f3 th\u1ec3 cung c\u1ea5p th\u00f4ng tin ch\u00ednh x\u00e1c v\u1ec1<br\/>\u201cPhilippines hi\u1ec7n nay\u201d d\u1ef1a tr\u00ean th\u00f4ng tin c\u1eadp nh\u1eadt v\u00e0 tr\u1ea3i nghi\u1ec7m th\u1ef1c t\u1ebf.<br\/>Ngay c\u1ea3 n\u1ebfu \u0111\u00e2y l\u00e0 l\u1ea7n \u0111\u1ea7u ti\u00ean, b\u1ea1n v\u1eabn c\u00f3 th\u1ec3 y\u00ean t\u00e2m li\u00ean h\u1ec7 v\u1edbi ch\u00fang t\u00f4i.<\/p>\n<\/div><\/div>\n\n<figure class=\"wp-block-image size-large\"><img decoding=\"async\" width=\"1024\" height=\"574\" src=\"https:\/\/ryugakumura.com\/wp-content\/uploads\/2025\/09\/u5796383426_Its_always_summer_in_the_Philippines_and_several__8ddb5f51-6207-407b-8cfa-75643366e371_3-1024x574.png\" alt=\"Li&#xEA;n h&#x1EC7; Ryugaku Mura\" class=\"wp-image-5205\" srcset=\"https:\/\/ryugakumura.com\/wp-content\/uploads\/2025\/09\/u5796383426_Its_always_summer_in_the_Philippines_and_several__8ddb5f51-6207-407b-8cfa-75643366e371_3-1024x574.png 1024w, https:\/\/ryugakumura.com\/wp-content\/uploads\/2025\/09\/u5796383426_Its_always_summer_in_the_Philippines_and_several__8ddb5f51-6207-407b-8cfa-75643366e371_3-300x168.png 300w, https:\/\/ryugakumura.com\/wp-content\/uploads\/2025\/09\/u5796383426_Its_always_summer_in_the_Philippines_and_several__8ddb5f51-6207-407b-8cfa-75643366e371_3-768x430.png 768w, https:\/\/ryugakumura.com\/wp-content\/uploads\/2025\/09\/u5796383426_Its_always_summer_in_the_Philippines_and_several__8ddb5f51-6207-407b-8cfa-75643366e371_3.png 1456w\" sizes=\"(max-width: 1024px) 100vw, 1024px\" \/><\/figure>\n\n<div class=\"wp-block-contact-form-7-contact-form-selector\">\n<div class=\"wpcf7 no-js\" id=\"wpcf7-f7364-o1\" lang=\"vi\" dir=\"ltr\" data-wpcf7-id=\"7364\">\n<div class=\"screen-reader-response\"><p role=\"status\" aria-live=\"polite\" aria-atomic=\"true\"><\/p> <ul><\/ul><\/div>\n<form action=\"\/vi\/wp-json\/wp\/v2\/pages\/7380#wpcf7-f7364-o1\" method=\"post\" class=\"wpcf7-form init\" aria-label=\"Form li\u00ean h\u1ec7\" novalidate=\"novalidate\" data-status=\"init\">\n<fieldset class=\"hidden-fields-container\"><input type=\"hidden\" name=\"_wpcf7\" value=\"7364\" \/><input type=\"hidden\" name=\"_wpcf7_version\" value=\"6.1.5\" \/><input type=\"hidden\" name=\"_wpcf7_locale\" value=\"vi\" \/><input type=\"hidden\" name=\"_wpcf7_unit_tag\" value=\"wpcf7-f7364-o1\" \/><input type=\"hidden\" name=\"_wpcf7_container_post\" value=\"0\" \/><input type=\"hidden\" name=\"_wpcf7_posted_data_hash\" value=\"\" \/><input type=\"hidden\" name=\"_wpcf7_recaptcha_response\" value=\"\" \/>\n<\/fieldset>\n<div class=\"cf7-grid\">\n\t<dl>\n\t\t<dt>\n\t\t\t<p>H\u1ecd v\u00e0 t\u00ean<span>*<\/span>\n\t\t\t<\/p>\n\t\t<\/dt>\n\t\t<dd>\n\t\t\t<p><span class=\"wpcf7-form-control-wrap\" data-name=\"your-name\"><input size=\"40\" maxlength=\"400\" class=\"wpcf7-form-control wpcf7-text wpcf7-validates-as-required\" aria-required=\"true\" aria-invalid=\"false\" value=\"\" type=\"text\" name=\"your-name\" \/><\/span>\n\t\t\t<\/p>\n\t\t<\/dd>\n\t\t<dt>\n\t\t\t<p>Email<span>*<\/span>\n\t\t\t<\/p>\n\t\t<\/dt>\n\t\t<dd>\n\t\t\t<p><span class=\"wpcf7-form-control-wrap\" data-name=\"your-email\"><input size=\"40\" maxlength=\"400\" class=\"wpcf7-form-control wpcf7-email wpcf7-validates-as-required wpcf7-text wpcf7-validates-as-email\" aria-required=\"true\" aria-invalid=\"false\" value=\"\" type=\"email\" name=\"your-email\" \/><\/span>\n\t\t\t<\/p>\n\t\t<\/dd>\n\t\t<dt>\n\t\t\t<p>\u0110\u1ed9 tu\u1ed5i<span>*<\/span>\n\t\t\t<\/p>\n\t\t<\/dt>\n\t\t<dd>\n\t\t\t<p><span class=\"wpcf7-form-control-wrap\" data-name=\"your-age\"><select class=\"wpcf7-form-control wpcf7-select wpcf7-validates-as-required\" aria-required=\"true\" aria-invalid=\"false\" name=\"your-age\"><option value=\"Vui l\u00f2ng ch\u1ecdn\">Vui l\u00f2ng ch\u1ecdn<\/option><option value=\"D\u01b0\u1edbi 18 tu\u1ed5i\">D\u01b0\u1edbi 18 tu\u1ed5i<\/option><option value=\"18\u201325 tu\u1ed5i\">18\u201325 tu\u1ed5i<\/option><option value=\"26\u201335 tu\u1ed5i\">26\u201335 tu\u1ed5i<\/option><option value=\"36\u201345 tu\u1ed5i\">36\u201345 tu\u1ed5i<\/option><option value=\"46\u201355 tu\u1ed5i\">46\u201355 tu\u1ed5i<\/option><option value=\"Tr\u00ean 56 tu\u1ed5i\">Tr\u00ean 56 tu\u1ed5i<\/option><option value=\"Du h\u1ecdc ph\u1ee5 huynh &amp; con c\u00e1i\">Du h\u1ecdc ph\u1ee5 huynh &amp; con c\u00e1i<\/option><\/select><\/span>\n\t\t\t<\/p>\n\t\t<\/dd>\n\t\t<dt>\n\t\t\t<p>Th\u1eddi gian du h\u1ecdc mong mu\u1ed1n\n\t\t\t<\/p>\n\t\t<\/dt>\n\t\t<dd>\n\t\t\t<p><span class=\"wpcf7-form-control-wrap\" data-name=\"your-departure\"><select class=\"wpcf7-form-control wpcf7-select wpcf7-validates-as-required\" aria-required=\"true\" aria-invalid=\"false\" name=\"your-departure\"><option value=\"Vui l\u00f2ng ch\u1ecdn\">Vui l\u00f2ng ch\u1ecdn<\/option><option value=\"Th\u00e1ng 12 n\u0103m 2025\">Th\u00e1ng 12 n\u0103m 2025<\/option><option value=\"Th\u00e1ng 1 n\u0103m 2026\">Th\u00e1ng 1 n\u0103m 2026<\/option><option value=\"Th\u00e1ng 2 n\u0103m 2026\">Th\u00e1ng 2 n\u0103m 2026<\/option><option value=\"Th\u00e1ng 3 n\u0103m 2026\">Th\u00e1ng 3 n\u0103m 2026<\/option><option value=\"Th\u00e1ng 4 n\u0103m 2026\">Th\u00e1ng 4 n\u0103m 2026<\/option><option value=\"Mu\u1ed1n \u0111\u01b0\u1ee3c t\u01b0 v\u1ea5n\">Mu\u1ed1n \u0111\u01b0\u1ee3c t\u01b0 v\u1ea5n<\/option><\/select><\/span>\n\t\t\t<\/p>\n\t\t<\/dd>\n\t\t<dt>\n\t\t\t<p>S\u1ed1 tu\u1ea7n du h\u1ecdc mong mu\u1ed1n<span><\/span>\n\t\t\t<\/p>\n\t\t<\/dt>\n\t\t<dd>\n\t\t\t<p><span class=\"wpcf7-form-control-wrap\" data-name=\"your-weeks\"><select class=\"wpcf7-form-control wpcf7-select wpcf7-validates-as-required\" aria-required=\"true\" aria-invalid=\"false\" name=\"your-weeks\"><option value=\"Vui l\u00f2ng ch\u1ecdn\">Vui l\u00f2ng ch\u1ecdn<\/option><option value=\"1\u20132 tu\u1ea7n\">1\u20132 tu\u1ea7n<\/option><option value=\"2\u20134 tu\u1ea7n\">2\u20134 tu\u1ea7n<\/option><option value=\"5\u20138 tu\u1ea7n\">5\u20138 tu\u1ea7n<\/option><option value=\"9\u201312 tu\u1ea7n\">9\u201312 tu\u1ea7n<\/option><option value=\"12\u201324 tu\u1ea7n\">12\u201324 tu\u1ea7n<\/option><option value=\"Mu\u1ed1n \u0111\u01b0\u1ee3c t\u01b0 v\u1ea5n\">Mu\u1ed1n \u0111\u01b0\u1ee3c t\u01b0 v\u1ea5n<\/option><\/select><\/span>\n\t\t\t<\/p>\n\t\t<\/dd>\n\t\t<dt>\n\t\t\t<p>Tr\u01b0\u1eddng ng\u00f4n ng\u1eef mong mu\u1ed1n (n\u1ebfu c\u00f3)\n\t\t\t<\/p>\n\t\t<\/dt>\n\t\t<dd>\n\t\t\t<p><span class=\"wpcf7-form-control-wrap\" data-name=\"your-school\"><select class=\"wpcf7-form-control wpcf7-select wpcf7-validates-as-required\" aria-required=\"true\" aria-invalid=\"false\" name=\"your-school\"><option value=\"Vui l\u00f2ng ch\u1ecdn\">Vui l\u00f2ng ch\u1ecdn<\/option><option value=\"Tagaytay \u2013 AIAP (tr\u01b0\u1edbc \u0111\u00e2y l\u00e0 Face to Face)\">Tagaytay \u2013 AIAP (tr\u01b0\u1edbc \u0111\u00e2y l\u00e0 Face to Face)<\/option><option value=\"Cebu \u2013 English Fella 2\">Cebu \u2013 English Fella 2<\/option><option value=\"Cebu \u2013 CIA\">Cebu \u2013 CIA<\/option><option value=\"Cebu \u2013 CG Academy Sparta\">Cebu \u2013 CG Academy Sparta<\/option><option value=\"Cebu \u2013 CG Academy Banilad\">Cebu \u2013 CG Academy Banilad<\/option><option value=\"Cebu \u2013 Cebu Blue Ocean Academy\">Cebu \u2013 Cebu Blue Ocean Academy<\/option><option value=\"Cebu \u2013 IMS Academy\">Cebu \u2013 IMS Academy<\/option><option value=\"Clark \u2013 CLARK WE ACADEMY\">Clark \u2013 CLARK WE ACADEMY<\/option><option value=\"Clark \u2013 EG ACADEMY\">Clark \u2013 EG ACADEMY<\/option><option value=\"Clark \u2013 HANA ACADEMY\">Clark \u2013 HANA ACADEMY<\/option><option value=\"Clark \u2013 CIP ENGLISH ACADEMY\">Clark \u2013 CIP ENGLISH ACADEMY<\/option><option value=\"Boracay \u2013 Boracay CoCo English School\">Boracay \u2013 Boracay CoCo English School<\/option><option value=\"Mu\u1ed1n \u0111\u01b0\u1ee3c t\u01b0 v\u1ea5n\">Mu\u1ed1n \u0111\u01b0\u1ee3c t\u01b0 v\u1ea5n<\/option><\/select><\/span>\n\t\t\t<\/p>\n\t\t<\/dd>\n\t\t<dt>\n\t\t\t<p>N\u1ed9i dung li\u00ean h\u1ec7\n\t\t\t<\/p>\n\t\t<\/dt>\n\t\t<dd>\n\t\t\t<p><span class=\"wpcf7-form-control-wrap\" data-name=\"your-message\"><textarea cols=\"40\" rows=\"10\" maxlength=\"2000\" class=\"wpcf7-form-control wpcf7-textarea\" aria-invalid=\"false\" name=\"your-message\"><\/textarea><\/span>\n\t\t\t<\/p>\n\t\t<\/dd>\n\t\t<dt>\n\t\t\t<p>X\u00e1c nh\u1eadn \u0111\u1ed3ng \u00fd<span>*<\/span>\n\t\t\t<\/p>\n\t\t<\/dt>\n\t\t<dd>\n\t\t\t<p><span class=\"wpcf7-form-control-wrap\" data-name=\"your-consent\"><span class=\"wpcf7-form-control wpcf7-acceptance\"><span class=\"wpcf7-list-item\"><label><input type=\"checkbox\" name=\"your-consent\" value=\"1\" aria-invalid=\"false\" \/><span class=\"wpcf7-list-item-label\">T\u00f4i \u0111\u1ed3ng \u00fd v\u1edbi\n<a href=\"https:\/\/ryugakumura.com\/vi\/terms\" target=\"_blank\" rel=\"noopener\">\u0110i\u1ec1u kho\u1ea3n s\u1eed d\u1ee5ng<\/a> v\u00e0 \n<a href=\"https:\/\/ryugakumura.com\/vi\/privacy-policy\" target=\"_blank\" rel=\"noopener\">Ch\u00ednh s\u00e1ch b\u1ea3o m\u1eadt<\/a> .<\/span><\/label><\/span><\/span><\/span>\n\t\t\t<\/p>\n\t\t<\/dd>\n\t<\/dl>\n\t<div class=\"submitbtn\" style=\"text-align: center;\">\n\t\t<p><input class=\"wpcf7-form-control wpcf7-submit has-spinner\" type=\"submit\" value=\"G\u1eedi\" \/>\n\t\t<\/p>\n\t<\/div>\n\t<p><script>\ndocument.addEventListener( 'wpcf7mailsent', function( event ) {\n location = 'https:\/\/ryugakumura.com\/thanks';\n}, false );\n<\/script>\n\t<\/p>\n<\/div><div class=\"wpcf7-response-output\" aria-hidden=\"true\"><\/div>\n<\/form>\n<\/div>\n<\/div>\n","protected":false},"excerpt":{"rendered":"<p>Bi\u1ec3u m\u1eabu li\u00ean h\u1ec7 Ryugaku Mura c\u00f3 h\u01a1n 10 n\u0103m kinh nghi\u1ec7m trong vi\u1ec7c h\u1ed7 tr\u1ee3 du h\u1ecdc Philippines. T\u01b0 v\u1ea5n vi\u00ean c\u1ee7a ch\u00fang t\u00f4i s\u1ed1ng t\u1ea1i Philippines, v\u00ec v\u1eady c\u00f3 th\u1ec3 cung c\u1ea5p th\u00f4ng tin ch\u00ednh x\u00e1c v\u1ec1\u201cPhilippines hi\u1ec7n nay\u201d d\u1ef1a tr\u00ean th\u00f4ng tin c\u1eadp nh\u1eadt v\u00e0 tr\u1ea3i nghi\u1ec7m th\u1ef1c t\u1ebf.Ngay c\u1ea3 n\u1ebfu \u0111\u00e2y [&hellip;]<\/p>\n","protected":false},"author":1,"featured_media":0,"parent":0,"menu_order":0,"comment_status":"closed","ping_status":"closed","template":"","meta":{"swell_btn_cv_data":"","ssp_meta_description":"","footnotes":""},"class_list":["post-7380","page","type-page","status-publish","hentry"],"_links":{"self":[{"href":"https:\/\/ryugakumura.com\/vi\/wp-json\/wp\/v2\/pages\/7380","targetHints":{"allow":["GET"]}}],"collection":[{"href":"https:\/\/ryugakumura.com\/vi\/wp-json\/wp\/v2\/pages"}],"about":[{"href":"https:\/\/ryugakumura.com\/vi\/wp-json\/wp\/v2\/types\/page"}],"author":[{"embeddable":true,"href":"https:\/\/ryugakumura.com\/vi\/wp-json\/wp\/v2\/users\/1"}],"replies":[{"embeddable":true,"href":"https:\/\/ryugakumura.com\/vi\/wp-json\/wp\/v2\/comments?post=7380"}],"version-history":[{"count":1,"href":"https:\/\/ryugakumura.com\/vi\/wp-json\/wp\/v2\/pages\/7380\/revisions"}],"predecessor-version":[{"id":7384,"href":"https:\/\/ryugakumura.com\/vi\/wp-json\/wp\/v2\/pages\/7380\/revisions\/7384"}],"wp:attachment":[{"href":"https:\/\/ryugakumura.com\/vi\/wp-json\/wp\/v2\/media?parent=7380"}],"curies":[{"name":"wp","href":"https:\/\/api.w.org\/{rel}","templated":true}]}}