{"id":7423,"date":"2025-06-18T14:22:02","date_gmt":"2025-06-18T05:22:02","guid":{"rendered":"https:\/\/ryugakumura.com\/cam-on-ban-da-lien-he"},"modified":"2025-12-26T14:23:07","modified_gmt":"2025-12-26T05:23:07","slug":"thanks","status":"publish","type":"page","link":"https:\/\/ryugakumura.com\/vi\/thanks","title":{"rendered":"C\u1ea3m \u01a1n b\u1ea1n \u0111\u00e3 li\u00ean h\u1ec7."},"content":{"rendered":"\n<p>C\u1ea3m \u01a1n b\u1ea1n \u0111\u00e3 g\u1eedi y\u00eau c\u1ea7u li\u00ean h\u1ec7.<br\/>Ch\u00fang t\u00f4i s\u1ebd xem x\u00e9t n\u1ed9i dung c\u1ee7a b\u1ea1n v\u00e0 s\u1ebd li\u00ean h\u1ec7 l\u1ea1i s\u1edbm nh\u1ea5t.<br\/>M\u1ed9t email ph\u1ea3n h\u1ed3i t\u1ef1 \u0111\u1ed9ng \u0111\u00e3 \u0111\u01b0\u1ee3c g\u1eedi \u0111\u1ebfn \u0111\u1ecba ch\u1ec9 email b\u1ea1n cung c\u1ea5p. Vui l\u00f2ng ki\u1ec3m tra h\u1ed9p th\u01b0 \u0111\u1ebfn.<\/p>\n\n<p>Vui l\u00f2ng c\u0169ng ki\u1ec3m tra th\u01b0 m\u1ee5c spam ho\u1eb7c junk, v\u00ec email ph\u1ea3n h\u1ed3i t\u1ef1 \u0111\u1ed9ng c\u00f3 th\u1ec3 v\u00e0o \u0111\u00f3.<\/p>\n\n<!-- \u30ec\u30f3\u30c8\u30e9\u30c3\u30af\u30b9\u306e\u30b5\u30f3\u30af\u30b9\u30da\u30fc\u30b8CV\u30bf\u30b0\u3053\u3053\u304b\u3089 -->\n<script type=\"text\/javascript\">\n(function(){\nfunction loadScriptRTCV(callback){\nvar script = document.createElement('script');\nscript.type = 'text\/javascript';\nscript.src = 'https:\/\/www.rentracks.jp\/js\/itp\/rt.track.js?t=' + (new Date()).getTime();\nif ( script.readyState ) {\nscript.onreadystatechange = function() {\nif ( script.readyState === 'loaded' || script.readyState === 'complete' ) {\nscript.onreadystatechange = null;\ncallback();\n};\n};\n} else {\nscript.onload = function() {\ncallback();\n};\n};\ndocument.getElementsByTagName('head')[0].appendChild(script);\n}\n\nloadScriptRTCV(function(){\n_rt.sid = 10601;\n_rt.pid = 15176;\n_rt.price = 0;\n_rt.reward = -1;\n_rt.cname = '';\n_rt.ctel = '';\n_rt.cemail = '';\n_rt.cinfo = '';\nrt_tracktag();\n});\n}(function(){}));\n<\/script>\n<!-- \u30ec\u30f3\u30c8\u30e9\u30c3\u30af\u30b9\u306e\u30b5\u30f3\u30af\u30b9\u30da\u30fc\u30b8CV\u30bf\u30b0\u3053\u3053\u307e\u3067 -->\n","protected":false},"excerpt":{"rendered":"<p>C\u1ea3m \u01a1n b\u1ea1n \u0111\u00e3 g\u1eedi y\u00eau c\u1ea7u li\u00ean h\u1ec7.Ch\u00fang t\u00f4i s\u1ebd xem x\u00e9t n\u1ed9i dung c\u1ee7a b\u1ea1n v\u00e0 s\u1ebd li\u00ean h\u1ec7 l\u1ea1i s\u1edbm nh\u1ea5t.M\u1ed9t email ph\u1ea3n h\u1ed3i t\u1ef1 \u0111\u1ed9ng \u0111\u00e3 \u0111\u01b0\u1ee3c g\u1eedi \u0111\u1ebfn \u0111\u1ecba ch\u1ec9 email b\u1ea1n cung c\u1ea5p. Vui l\u00f2ng ki\u1ec3m tra h\u1ed9p th\u01b0 \u0111\u1ebfn. Vui l\u00f2ng c\u0169ng ki\u1ec3m tra th\u01b0 m\u1ee5c spam ho\u1eb7c [&hellip;]<\/p>\n","protected":false},"author":1,"featured_media":0,"parent":0,"menu_order":0,"comment_status":"closed","ping_status":"closed","template":"","meta":{"swell_btn_cv_data":"","ssp_meta_description":"","footnotes":""},"class_list":["post-7423","page","type-page","status-publish","hentry"],"_links":{"self":[{"href":"https:\/\/ryugakumura.com\/vi\/wp-json\/wp\/v2\/pages\/7423","targetHints":{"allow":["GET"]}}],"collection":[{"href":"https:\/\/ryugakumura.com\/vi\/wp-json\/wp\/v2\/pages"}],"about":[{"href":"https:\/\/ryugakumura.com\/vi\/wp-json\/wp\/v2\/types\/page"}],"author":[{"embeddable":true,"href":"https:\/\/ryugakumura.com\/vi\/wp-json\/wp\/v2\/users\/1"}],"replies":[{"embeddable":true,"href":"https:\/\/ryugakumura.com\/vi\/wp-json\/wp\/v2\/comments?post=7423"}],"version-history":[{"count":1,"href":"https:\/\/ryugakumura.com\/vi\/wp-json\/wp\/v2\/pages\/7423\/revisions"}],"predecessor-version":[{"id":7424,"href":"https:\/\/ryugakumura.com\/vi\/wp-json\/wp\/v2\/pages\/7423\/revisions\/7424"}],"wp:attachment":[{"href":"https:\/\/ryugakumura.com\/vi\/wp-json\/wp\/v2\/media?parent=7423"}],"curies":[{"name":"wp","href":"https:\/\/api.w.org\/{rel}","templated":true}]}}