{"id":7655,"date":"2025-06-16T15:34:45","date_gmt":"2025-06-16T06:34:45","guid":{"rendered":"https:\/\/ryugakumura.com\/thong-tin-don-vi-van-hanh"},"modified":"2026-01-05T16:08:29","modified_gmt":"2026-01-05T07:08:29","slug":"introduction","status":"publish","type":"page","link":"https:\/\/ryugakumura.com\/vi\/introduction","title":{"rendered":"Th\u00f4ng tin \u0111\u01a1n v\u1ecb v\u1eadn h\u00e0nh"},"content":{"rendered":"\n<div class=\"swell-block-fullWide pc-py-60 sp-py-40 alignfull\" style=\"background-color:#f8f7f6\"><div class=\"swell-block-fullWide__inner l-article\">\n<h2 class=\"wp-block-heading is-style-default has-swl-deep-02-background-color has-background\">Gi\u1edbi thi\u1ec7u c\u00f4ng ty<\/h2>\n\n\n\n<figure class=\"wp-block-image size-large\"><img decoding=\"async\" width=\"1024\" height=\"574\" src=\"https:\/\/ryugakumura.com\/wp-content\/uploads\/2026\/01\/makoto_Filipino_visa_support_staff_carefully_explaining_visa__073db4d9-236b-4107-ba9a-f5520d768a95_1-1024x574.jpg\" alt=\"Gi&#x1EDB;i thi&#x1EC7;u c&#xF4;ng ty\" class=\"wp-image-7614\" srcset=\"https:\/\/ryugakumura.com\/wp-content\/uploads\/2026\/01\/makoto_Filipino_visa_support_staff_carefully_explaining_visa__073db4d9-236b-4107-ba9a-f5520d768a95_1-1024x574.jpg 1024w, https:\/\/ryugakumura.com\/wp-content\/uploads\/2026\/01\/makoto_Filipino_visa_support_staff_carefully_explaining_visa__073db4d9-236b-4107-ba9a-f5520d768a95_1-300x168.jpg 300w, https:\/\/ryugakumura.com\/wp-content\/uploads\/2026\/01\/makoto_Filipino_visa_support_staff_carefully_explaining_visa__073db4d9-236b-4107-ba9a-f5520d768a95_1-768x430.jpg 768w, https:\/\/ryugakumura.com\/wp-content\/uploads\/2026\/01\/makoto_Filipino_visa_support_staff_carefully_explaining_visa__073db4d9-236b-4107-ba9a-f5520d768a95_1.jpg 1456w\" sizes=\"(max-width: 1024px) 100vw, 1024px\" \/><\/figure>\n\n\n\n<figure class=\"wp-block-table is-style-simple u-mb-ctrl u-mb-0\"><table style=\"--swl-cell1-width:8em;\" class=\"has-fixed-layout\"><tbody><tr><th>T\u00ean c\u00f4ng ty<\/th><td>C\u00f4ng ty C\u1ed5 ph\u1ea7n QIDGE<\/td><\/tr><tr><th>\u0110\u1ecba ch\u1ec9<\/th><td>T\u1ea7ng 5, 1-11-3 Oyamagoka, th\u00e0nh ph\u1ed1 Machida, Tokyo, Nh\u1eadt B\u1ea3n<\/td><\/tr><tr><td><strong>Gi\u00e1m \u0111\u1ed1c \u0111\u1ea1i di\u1ec7n<\/strong><\/td><td>Daizo Miyata<\/td><\/tr><tr><th>N\u1ed9i dung ho\u1ea1t \u0111\u1ed9ng<\/th><td>L\u1eadp k\u1ebf ho\u1ea1ch v\u00e0 v\u1eadn h\u00e0nh c\u00e1c ph\u01b0\u01a1ng ti\u1ec7n truy\u1ec1n th\u00f4ng internet<br\/>D\u1ecbch v\u1ee5 marketing k\u1ef9 thu\u1eadt s\u1ed1<\/td><\/tr><tr><td><strong>Trang web v\u1eadn h\u00e0nh<\/strong><br\/><\/td><td>Ryugakumura\uff08<a href=\"https:\/\/ryugakumura.com\/vi\">https:\/\/ryugakumura.com\/vi<\/a><a>\uff09<\/a><\/td><\/tr><tr><td><strong>V\u1ec1 vi\u1ec7c v\u1eadn h\u00e0nh d\u1ecbch v\u1ee5<\/strong><br\/><\/td><td>Trang web \u201cRyugakumura\u201d l\u00e0 d\u1ecbch v\u1ee5 c\u00f3 h\u01a1n 10 n\u0103m kinh nghi\u1ec7m trong vi\u1ec7c h\u1ed7 tr\u1ee3 du h\u1ecdc Philippines k\u1ec3 t\u1eeb n\u0103m 2014.<br\/>Hi\u1ec7n nay, C\u00f4ng ty C\u1ed5 ph\u1ea7n QIDGE ti\u1ebfp nh\u1eadn vi\u1ec7c v\u1eadn h\u00e0nh nh\u1eb1m cung c\u1ea5p th\u00f4ng tin ch\u1ea5t l\u01b0\u1ee3ng cao h\u01a1n v\u00e0 h\u1ec7 th\u1ed1ng h\u1ed7 tr\u1ee3 to\u00e0n di\u1ec7n h\u01a1n.<\/td><\/tr><tr><td><strong>Tr\u01b0\u1eddng li\u00ean k\u1ebft<\/strong><\/td><td>T\u00ednh \u0111\u1ebfn n\u0103m 2025, ch\u00fang t\u00f4i h\u1ee3p t\u00e1c v\u1edbi 12 tr\u01b0\u1eddng ng\u00f4n ng\u1eef t\u1ea1i Philippines, cung c\u1ea5p c\u00e1c ch\u01b0\u01a1ng tr\u00ecnh du h\u1ecdc \u0111\u00e1p \u1ee9ng \u0111a d\u1ea1ng nhu c\u1ea7u.<\/td><\/tr><\/tbody><\/table><\/figure>\n<\/div><\/div>\n\n<div class=\"wp-block-group\"><div class=\"wp-block-group__inner-container is-layout-constrained wp-block-group-is-layout-constrained\">\n<h2 class=\"wp-block-heading has-swl-deep-02-background-color has-background\">H\u1ed7 tr\u1ee3 t\u1ea1i \u0111\u1ecba ph\u01b0\u01a1ng<\/h2>\n\n\n\n<figure class=\"wp-block-image size-large\"><img decoding=\"async\" width=\"1024\" height=\"574\" src=\"https:\/\/ryugakumura.com\/wp-content\/uploads\/2026\/01\/makoto_A_Japanese_support_staff_member_living_in_the_Philippi_e75ac2b2-985b-483c-b89f-27dcbab65f69_2-1024x574.jpg\" alt=\"Ch&#xFA;ng t&#xF4;i cung c&#x1EA5;p h&#x1EC7; th&#x1ED1;ng h&#x1ED7; tr&#x1EE3; g&#x1ED3;m &#x111;&#x1ED9;i ng&#x169; nh&#xE2;n vi&#xEA;n ng&#x1B0;&#x1EDD;i Nh&#x1EAD;t &#x111;ang sinh s&#x1ED1;ng t&#x1EA1;i Philippines v&#xE0; nh&#xE2;n vi&#xEA;n ng&#x1B0;&#x1EDD;i Philippines, h&#x1ED7; tr&#x1EE3; t&#x1B0; v&#x1EA5;n sinh ho&#x1EA1;t trong su&#x1ED1;t th&#x1EDD;i gian du h&#x1ECD;c t&#x1EA1;i Philippines.&#10;\" class=\"wp-image-7608\" srcset=\"https:\/\/ryugakumura.com\/wp-content\/uploads\/2026\/01\/makoto_A_Japanese_support_staff_member_living_in_the_Philippi_e75ac2b2-985b-483c-b89f-27dcbab65f69_2-1024x574.jpg 1024w, https:\/\/ryugakumura.com\/wp-content\/uploads\/2026\/01\/makoto_A_Japanese_support_staff_member_living_in_the_Philippi_e75ac2b2-985b-483c-b89f-27dcbab65f69_2-300x168.jpg 300w, https:\/\/ryugakumura.com\/wp-content\/uploads\/2026\/01\/makoto_A_Japanese_support_staff_member_living_in_the_Philippi_e75ac2b2-985b-483c-b89f-27dcbab65f69_2-768x430.jpg 768w, https:\/\/ryugakumura.com\/wp-content\/uploads\/2026\/01\/makoto_A_Japanese_support_staff_member_living_in_the_Philippi_e75ac2b2-985b-483c-b89f-27dcbab65f69_2.jpg 1456w\" sizes=\"(max-width: 1024px) 100vw, 1024px\" \/><\/figure>\n\n\n\n<p>T\u1ea1i Ryugakumura, ch\u00fang t\u00f4i x\u00e2y d\u1ef1ng h\u1ec7 th\u1ed1ng h\u1ed7 tr\u1ee3 t\u1ea1i \u0111\u1ecba ph\u01b0\u01a1ng th\u00f4ng qua vi\u1ec7c h\u1ee3p t\u00e1c v\u1edbi ph\u00e1p nh\u00e2n \u0111\u1ecba ph\u01b0\u01a1ng t\u1ea1i Philippines l\u00e0 Bridge Japan Philippines Inc., nh\u1eb1m \u0111\u1ea3m b\u1ea3o th\u1eddi gian l\u01b0u tr\u00fa an to\u00e0n v\u00e0 an t\u00e2m trong su\u1ed1t qu\u00e1 tr\u00ecnh du h\u1ecdc Philippines. <\/p>\n\n\n\n<p>T\u1eeb kh\u00e2u t\u01b0 v\u1ea5n tr\u01b0\u1edbc khi kh\u1edfi h\u00e0nh t\u1ea1i Nh\u1eadt B\u1ea3n \u0111\u1ebfn c\u00e1c v\u1ea5n \u0111\u1ec1 sinh ho\u1ea1t sau khi \u0111\u1ebfn Philippines, \u0111\u1ed9i ng\u0169 t\u1ea1i Nh\u1eadt B\u1ea3n v\u00e0 Philippines ph\u1ed1i h\u1ee3p ch\u1eb7t ch\u1ebd \u0111\u1ec3 t\u1ea1o m\u00f4i tr\u01b0\u1eddng gi\u00fap h\u1ecdc vi\u00ean y\u00ean t\u00e2m t\u1eadp trung h\u1ecdc t\u1eadp trong su\u1ed1t th\u1eddi gian du h\u1ecdc.<\/p>\n\n\n\n<p><strong>N\u1ed9i dung h\u1ed7 tr\u1ee3 t\u1ea1i \u0111\u1ecba ph\u01b0\u01a1ng (v\u00ed d\u1ee5)<\/strong><\/p>\n\n\n\n<ul class=\"wp-block-list\">\n<li>T\u01b0 v\u1ea5n c\u00e1c v\u1ea5n \u0111\u1ec1 sinh ho\u1ea1t trong th\u1eddi gian du h\u1ecdc<\/li>\n\n\n\n<li>Chia s\u1ebb th\u00f4ng tin v\u00e0 ph\u1ed1i h\u1ee3p h\u1ed7 tr\u1ee3 v\u1edbi c\u00e1c tr\u01b0\u1eddng ng\u00f4n ng\u1eef<\/li>\n\n\n\n<li>Cung c\u1ea5p th\u00f4ng tin chung v\u1ec1 l\u01b0u tr\u00fa v\u00e0 c\u00e1c quy \u0111\u1ecbnh li\u00ean quan<\/li>\n\n\n\n<li>H\u01b0\u1edbng d\u1eabn ban \u0111\u1ea7u v\u00e0 t\u01b0 v\u1ea5n khi x\u1ea3y ra s\u1ef1 c\u1ed1<\/li>\n\n\n\n<li>T\u01b0 v\u1ea5n sinh ho\u1ea1t d\u1ef1a tr\u00ean t\u00ecnh h\u00ecnh th\u1ef1c t\u1ebf t\u1ea1i \u0111\u1ecba ph\u01b0\u01a1ng<\/li>\n<\/ul>\n\n\n\n<p><strong>H\u1ec7 th\u1ed1ng h\u1ed7 tr\u1ee3 t\u1ea1i \u0111\u1ecba ph\u01b0\u01a1ng<\/strong><\/p>\n\n\n\n<p>T\u1ea1i Philippines, ch\u00fang t\u00f4i thi\u1ebft l\u1eadp qu\u1ea7y h\u1ed7 tr\u1ee3 do nh\u00e2n vi\u00ean ng\u01b0\u1eddi Nh\u1eadt v\u1eadn h\u00e0nh, cung c\u1ea5p h\u1ed7 tr\u1ee3 to\u00e0n di\u1ec7n cho h\u1ecdc vi\u00ean theo h\u1ecdc t\u1ea1i 12 tr\u01b0\u1eddng li\u00ean k\u1ebft, bao g\u1ed3m sinh ho\u1ea1t, h\u1ecdc t\u1eadp v\u00e0 x\u1eed l\u00fd s\u1ef1 c\u1ed1.<br\/>\u0110\u1ed9i ng\u0169 c\u1ee7a ch\u00fang t\u00f4i cung c\u1ea5p h\u1ed7 tr\u1ee3 nhanh ch\u00f3ng v\u00e0 t\u1eadn t\u00e2m b\u1eb1ng ti\u1ebfng Nh\u1eadt tr\u1ef1c ti\u1ebfp t\u1ea1i \u0111\u1ecba ph\u01b0\u01a1ng.<\/p>\n\n\n\n<p>Ryugakumura ph\u1ed1i h\u1ee3p v\u1edbi c\u00e1c \u0111\u1ed1i t\u00e1c \u0111\u1ecba ph\u01b0\u01a1ng khi c\u1ea7n thi\u1ebft nh\u1eb1m duy tr\u00ec h\u1ec7 th\u1ed1ng h\u1ed7 tr\u1ee3 ph\u00f9 h\u1ee3p v\u00e0 cung c\u1ea5p th\u00f4ng tin s\u00e1t v\u1edbi t\u00ecnh h\u00ecnh th\u1ef1c t\u1ebf t\u1ea1i \u0111\u1ecba ph\u01b0\u01a1ng.<\/p>\n<\/div><\/div>\n\n<div class=\"swell-block-fullWide pc-py-60 sp-py-40 alignfull\" style=\"background-color:#f8f7f6\"><div class=\"swell-block-fullWide__inner l-article\">\n<h2 class=\"wp-block-heading is-style-default u-mb-ctrl u-mb-10 has-swl-deep-02-background-color has-background\">Li\u00ean h\u1ec7<\/h2>\n\n\n\n\n\n\n\n<div class=\"wp-block-contact-form-7-contact-form-selector\">\n<div class=\"wpcf7 no-js\" id=\"wpcf7-f7364-o1\" lang=\"vi\" dir=\"ltr\" data-wpcf7-id=\"7364\">\n<div class=\"screen-reader-response\"><p role=\"status\" aria-live=\"polite\" aria-atomic=\"true\"><\/p> <ul><\/ul><\/div>\n<form action=\"\/vi\/wp-json\/wp\/v2\/pages\/7655#wpcf7-f7364-o1\" method=\"post\" class=\"wpcf7-form init\" aria-label=\"Form li\u00ean h\u1ec7\" novalidate=\"novalidate\" data-status=\"init\">\n<fieldset class=\"hidden-fields-container\"><input type=\"hidden\" name=\"_wpcf7\" value=\"7364\" \/><input type=\"hidden\" name=\"_wpcf7_version\" value=\"6.1.5\" \/><input type=\"hidden\" name=\"_wpcf7_locale\" value=\"vi\" \/><input type=\"hidden\" name=\"_wpcf7_unit_tag\" value=\"wpcf7-f7364-o1\" \/><input type=\"hidden\" name=\"_wpcf7_container_post\" value=\"0\" \/><input type=\"hidden\" name=\"_wpcf7_posted_data_hash\" value=\"\" \/><input type=\"hidden\" name=\"_wpcf7_recaptcha_response\" value=\"\" \/>\n<\/fieldset>\n<div class=\"cf7-grid\">\n\t<dl>\n\t\t<dt>\n\t\t\t<p>H\u1ecd v\u00e0 t\u00ean<span>*<\/span>\n\t\t\t<\/p>\n\t\t<\/dt>\n\t\t<dd>\n\t\t\t<p><span class=\"wpcf7-form-control-wrap\" data-name=\"your-name\"><input size=\"40\" maxlength=\"400\" class=\"wpcf7-form-control wpcf7-text wpcf7-validates-as-required\" aria-required=\"true\" aria-invalid=\"false\" value=\"\" type=\"text\" name=\"your-name\" \/><\/span>\n\t\t\t<\/p>\n\t\t<\/dd>\n\t\t<dt>\n\t\t\t<p>Email<span>*<\/span>\n\t\t\t<\/p>\n\t\t<\/dt>\n\t\t<dd>\n\t\t\t<p><span class=\"wpcf7-form-control-wrap\" data-name=\"your-email\"><input size=\"40\" maxlength=\"400\" class=\"wpcf7-form-control wpcf7-email wpcf7-validates-as-required wpcf7-text wpcf7-validates-as-email\" aria-required=\"true\" aria-invalid=\"false\" value=\"\" type=\"email\" name=\"your-email\" \/><\/span>\n\t\t\t<\/p>\n\t\t<\/dd>\n\t\t<dt>\n\t\t\t<p>\u0110\u1ed9 tu\u1ed5i<span>*<\/span>\n\t\t\t<\/p>\n\t\t<\/dt>\n\t\t<dd>\n\t\t\t<p><span class=\"wpcf7-form-control-wrap\" data-name=\"your-age\"><select class=\"wpcf7-form-control wpcf7-select wpcf7-validates-as-required\" aria-required=\"true\" aria-invalid=\"false\" name=\"your-age\"><option value=\"Vui l\u00f2ng ch\u1ecdn\">Vui l\u00f2ng ch\u1ecdn<\/option><option value=\"D\u01b0\u1edbi 18 tu\u1ed5i\">D\u01b0\u1edbi 18 tu\u1ed5i<\/option><option value=\"18\u201325 tu\u1ed5i\">18\u201325 tu\u1ed5i<\/option><option value=\"26\u201335 tu\u1ed5i\">26\u201335 tu\u1ed5i<\/option><option value=\"36\u201345 tu\u1ed5i\">36\u201345 tu\u1ed5i<\/option><option value=\"46\u201355 tu\u1ed5i\">46\u201355 tu\u1ed5i<\/option><option value=\"Tr\u00ean 56 tu\u1ed5i\">Tr\u00ean 56 tu\u1ed5i<\/option><option value=\"Du h\u1ecdc ph\u1ee5 huynh &amp; con c\u00e1i\">Du h\u1ecdc ph\u1ee5 huynh &amp; con c\u00e1i<\/option><\/select><\/span>\n\t\t\t<\/p>\n\t\t<\/dd>\n\t\t<dt>\n\t\t\t<p>Th\u1eddi gian du h\u1ecdc mong mu\u1ed1n\n\t\t\t<\/p>\n\t\t<\/dt>\n\t\t<dd>\n\t\t\t<p><span class=\"wpcf7-form-control-wrap\" data-name=\"your-departure\"><select class=\"wpcf7-form-control wpcf7-select wpcf7-validates-as-required\" aria-required=\"true\" aria-invalid=\"false\" name=\"your-departure\"><option value=\"Vui l\u00f2ng ch\u1ecdn\">Vui l\u00f2ng ch\u1ecdn<\/option><option value=\"Th\u00e1ng 12 n\u0103m 2025\">Th\u00e1ng 12 n\u0103m 2025<\/option><option value=\"Th\u00e1ng 1 n\u0103m 2026\">Th\u00e1ng 1 n\u0103m 2026<\/option><option value=\"Th\u00e1ng 2 n\u0103m 2026\">Th\u00e1ng 2 n\u0103m 2026<\/option><option value=\"Th\u00e1ng 3 n\u0103m 2026\">Th\u00e1ng 3 n\u0103m 2026<\/option><option value=\"Th\u00e1ng 4 n\u0103m 2026\">Th\u00e1ng 4 n\u0103m 2026<\/option><option value=\"Mu\u1ed1n \u0111\u01b0\u1ee3c t\u01b0 v\u1ea5n\">Mu\u1ed1n \u0111\u01b0\u1ee3c t\u01b0 v\u1ea5n<\/option><\/select><\/span>\n\t\t\t<\/p>\n\t\t<\/dd>\n\t\t<dt>\n\t\t\t<p>S\u1ed1 tu\u1ea7n du h\u1ecdc mong mu\u1ed1n<span><\/span>\n\t\t\t<\/p>\n\t\t<\/dt>\n\t\t<dd>\n\t\t\t<p><span class=\"wpcf7-form-control-wrap\" data-name=\"your-weeks\"><select class=\"wpcf7-form-control wpcf7-select wpcf7-validates-as-required\" aria-required=\"true\" aria-invalid=\"false\" name=\"your-weeks\"><option value=\"Vui l\u00f2ng ch\u1ecdn\">Vui l\u00f2ng ch\u1ecdn<\/option><option value=\"1\u20132 tu\u1ea7n\">1\u20132 tu\u1ea7n<\/option><option value=\"2\u20134 tu\u1ea7n\">2\u20134 tu\u1ea7n<\/option><option value=\"5\u20138 tu\u1ea7n\">5\u20138 tu\u1ea7n<\/option><option value=\"9\u201312 tu\u1ea7n\">9\u201312 tu\u1ea7n<\/option><option value=\"12\u201324 tu\u1ea7n\">12\u201324 tu\u1ea7n<\/option><option value=\"Mu\u1ed1n \u0111\u01b0\u1ee3c t\u01b0 v\u1ea5n\">Mu\u1ed1n \u0111\u01b0\u1ee3c t\u01b0 v\u1ea5n<\/option><\/select><\/span>\n\t\t\t<\/p>\n\t\t<\/dd>\n\t\t<dt>\n\t\t\t<p>Tr\u01b0\u1eddng ng\u00f4n ng\u1eef mong mu\u1ed1n (n\u1ebfu c\u00f3)\n\t\t\t<\/p>\n\t\t<\/dt>\n\t\t<dd>\n\t\t\t<p><span class=\"wpcf7-form-control-wrap\" data-name=\"your-school\"><select class=\"wpcf7-form-control wpcf7-select wpcf7-validates-as-required\" aria-required=\"true\" aria-invalid=\"false\" name=\"your-school\"><option value=\"Vui l\u00f2ng ch\u1ecdn\">Vui l\u00f2ng ch\u1ecdn<\/option><option value=\"Tagaytay \u2013 AIAP (tr\u01b0\u1edbc \u0111\u00e2y l\u00e0 Face to Face)\">Tagaytay \u2013 AIAP (tr\u01b0\u1edbc \u0111\u00e2y l\u00e0 Face to Face)<\/option><option value=\"Cebu \u2013 English Fella 2\">Cebu \u2013 English Fella 2<\/option><option value=\"Cebu \u2013 CIA\">Cebu \u2013 CIA<\/option><option value=\"Cebu \u2013 CG Academy Sparta\">Cebu \u2013 CG Academy Sparta<\/option><option value=\"Cebu \u2013 CG Academy Banilad\">Cebu \u2013 CG Academy Banilad<\/option><option value=\"Cebu \u2013 Cebu Blue Ocean Academy\">Cebu \u2013 Cebu Blue Ocean Academy<\/option><option value=\"Cebu \u2013 IMS Academy\">Cebu \u2013 IMS Academy<\/option><option value=\"Clark \u2013 CLARK WE ACADEMY\">Clark \u2013 CLARK WE ACADEMY<\/option><option value=\"Clark \u2013 EG ACADEMY\">Clark \u2013 EG ACADEMY<\/option><option value=\"Clark \u2013 HANA ACADEMY\">Clark \u2013 HANA ACADEMY<\/option><option value=\"Clark \u2013 CIP ENGLISH ACADEMY\">Clark \u2013 CIP ENGLISH ACADEMY<\/option><option value=\"Boracay \u2013 Boracay CoCo English School\">Boracay \u2013 Boracay CoCo English School<\/option><option value=\"Mu\u1ed1n \u0111\u01b0\u1ee3c t\u01b0 v\u1ea5n\">Mu\u1ed1n \u0111\u01b0\u1ee3c t\u01b0 v\u1ea5n<\/option><\/select><\/span>\n\t\t\t<\/p>\n\t\t<\/dd>\n\t\t<dt>\n\t\t\t<p>N\u1ed9i dung li\u00ean h\u1ec7\n\t\t\t<\/p>\n\t\t<\/dt>\n\t\t<dd>\n\t\t\t<p><span class=\"wpcf7-form-control-wrap\" data-name=\"your-message\"><textarea cols=\"40\" rows=\"10\" maxlength=\"2000\" class=\"wpcf7-form-control wpcf7-textarea\" aria-invalid=\"false\" name=\"your-message\"><\/textarea><\/span>\n\t\t\t<\/p>\n\t\t<\/dd>\n\t\t<dt>\n\t\t\t<p>X\u00e1c nh\u1eadn \u0111\u1ed3ng \u00fd<span>*<\/span>\n\t\t\t<\/p>\n\t\t<\/dt>\n\t\t<dd>\n\t\t\t<p><span class=\"wpcf7-form-control-wrap\" data-name=\"your-consent\"><span class=\"wpcf7-form-control wpcf7-acceptance\"><span class=\"wpcf7-list-item\"><label><input type=\"checkbox\" name=\"your-consent\" value=\"1\" aria-invalid=\"false\" \/><span class=\"wpcf7-list-item-label\">T\u00f4i \u0111\u1ed3ng \u00fd v\u1edbi\n<a href=\"https:\/\/ryugakumura.com\/vi\/terms\" target=\"_blank\" rel=\"noopener\">\u0110i\u1ec1u kho\u1ea3n s\u1eed d\u1ee5ng<\/a> v\u00e0 \n<a href=\"https:\/\/ryugakumura.com\/vi\/privacy-policy\" target=\"_blank\" rel=\"noopener\">Ch\u00ednh s\u00e1ch b\u1ea3o m\u1eadt<\/a> .<\/span><\/label><\/span><\/span><\/span>\n\t\t\t<\/p>\n\t\t<\/dd>\n\t<\/dl>\n\t<div class=\"submitbtn\" style=\"text-align: center;\">\n\t\t<p><input class=\"wpcf7-form-control wpcf7-submit has-spinner\" type=\"submit\" value=\"G\u1eedi\" \/>\n\t\t<\/p>\n\t<\/div>\n\t<p><script>\ndocument.addEventListener( 'wpcf7mailsent', function( event ) {\n location = 'https:\/\/ryugakumura.com\/thanks';\n}, false );\n<\/script>\n\t<\/p>\n<\/div><div class=\"wpcf7-response-output\" aria-hidden=\"true\"><\/div>\n<\/form>\n<\/div>\n<\/div>\n<\/div><\/div>\n\n<div class=\"swell-block-fullWide pc-py-60 sp-py-40 has-bg-img alignfull lazyload\" style=\"color:#fff;background-color:rgba(0, 0, 0, 0.5)\" data-bg=\"http:\/\/ryugakumura.com\/wp-content\/uploads\/2025\/06\/s-2121x1414_v-frms_webp_e9b387b2-e0d5-4c85-8f34-adf4d9cccf06-e1749186167712.webp\"><div class=\"swell-block-fullWide__inner l-container\">\n<h3 class=\"wp-block-heading has-text-align-left is-style-section_ttl u-mb-ctrl u-mb-0\" style=\"font-size:3em\">Contact us<\/h3>\n\n\n\n<p class=\"has-large-font-size\">H\u00e3y li\u00ean h\u1ec7 v\u1edbi ch\u00fang t\u00f4i ngay!<\/p>\n\n\n\n<div class=\"wp-block-columns alignwide\">\n<div class=\"wp-block-column\" style=\"flex-basis:60%\">\n<ul class=\"wp-block-list -list-under-dashed is-style-check_list\">\n<li>Kh\u00f4ng bi\u1ebft n\u00ean b\u1eaft \u0111\u1ea7u chu\u1ea9n b\u1ecb t\u1eeb \u0111\u00e2u<\/li>\n\n\n\n<li>Lo l\u1eafng v\u00ec ch\u01b0a c\u00f3 kinh nghi\u1ec7m \u1edf n\u01b0\u1edbc ngo\u00e0i<\/li>\n\n\n\n<li>Lo l\u1eafng v\u00ec ho\u00e0n to\u00e0n kh\u00f4ng n\u00f3i \u0111\u01b0\u1ee3c ti\u1ebfng Anh<\/li>\n\n\n\n<li>Mu\u1ed1n ch\u1ecdn tr\u01b0\u1eddng theo s\u1edf th\u00edch c\u00e1 nh\u00e2n<\/li>\n\n\n\n<li>\u0110\u00e3 c\u00f3 m\u1ee5c ti\u00eau h\u1ecdc t\u1eadp r\u00f5 r\u00e0ng<\/li>\n\n\n\n<li>\u0110\u00e3 suy ngh\u0129 v\u1ec1 k\u1ebf ho\u1ea1ch sau khi du h\u1ecdc<\/li>\n<\/ul>\n<\/div>\n\n\n\n<div class=\"wp-block-column\" style=\"flex-basis:10%\"><\/div>\n\n\n\n<div class=\"wp-block-column is-vertically-aligned-top\" style=\"flex-basis:30%\">\n<p class=\"has-text-align-center has-small-font-size\"><strong>C\u00e1c t\u01b0 v\u1ea5n vi\u00ean gi\u00e0u kinh nghi\u1ec7m c\u1ee7a ch\u00fang t\u00f4i s\u1eb5n s\u00e0ng h\u1ed7 tr\u1ee3 b\u1ea1n.<br\/>B\u1ea1n c\u00f3 th\u1ec3 li\u00ean h\u1ec7 v\u1edbi ch\u00fang t\u00f4i qua bi\u1ec3u m\u1eabu \u0111\u0103ng k\u00fd.<\/strong><\/p>\n\n\n\n<div class=\"swell-block-button green_ -size-custom is-style-btn_shiny\" style=\"--the-icon-size:1em;--the-width:100%\"><a href=\"https:\/\/line.me\/R\/ti\/p\/@094yqluo\" class=\"swell-block-button__link\" data-has-icon=\"1\"><svg xmlns=\"http:\/\/www.w3.org\/2000\/svg\" class=\"__icon\" height=\"1em\" width=\"1em\" aria-hidden=\"true\" viewbox=\"0 0 24 24\" fill=\"none\" stroke=\"currentColor\" stroke-width=\"2\" stroke-linecap=\"round\" stroke-linejoin=\"round\"><rect x=\"5\" y=\"2\" width=\"14\" height=\"20\" rx=\"2\" ry=\"2\"><\/rect><line x1=\"12\" y1=\"18\" x2=\"12.01\" y2=\"18\"><\/line><\/svg><span>Li\u00ean h\u1ec7 qua LINE<\/span><\/a><\/div>\n\n\n\n<div class=\"swell-block-button -size-custom is-style-btn_shiny\" style=\"--the-icon-size:1em;--the-width:100%\"><a href=\"https:\/\/ryugakumura.com\/vi\/tu-van-mien-phi\" class=\"swell-block-button__link\" data-has-icon=\"1\"><svg xmlns=\"http:\/\/www.w3.org\/2000\/svg\" class=\"__icon\" height=\"1em\" width=\"1em\" aria-hidden=\"true\" viewbox=\"0 0 24 24\" fill=\"none\" stroke=\"currentColor\" stroke-width=\"2\" stroke-linecap=\"round\" stroke-linejoin=\"round\"><rect x=\"2\" y=\"3\" width=\"20\" height=\"14\" rx=\"2\" ry=\"2\"><\/rect><line x1=\"8\" y1=\"21\" x2=\"16\" y2=\"21\"><\/line><line x1=\"12\" y1=\"17\" x2=\"12\" y2=\"21\"><\/line><\/svg><span>T\u01b0 v\u1ea5n mi\u1ec5n ph\u00ed<\/span><\/a><\/div>\n<\/div>\n<\/div>\n<\/div><\/div>\n\n\n","protected":false},"excerpt":{"rendered":"<p>H\u1ed7 tr\u1ee3 t\u1ea1i \u0111\u1ecba ph\u01b0\u01a1ng T\u1ea1i Ryugakumura, ch\u00fang t\u00f4i x\u00e2y d\u1ef1ng h\u1ec7 th\u1ed1ng h\u1ed7 tr\u1ee3 t\u1ea1i \u0111\u1ecba ph\u01b0\u01a1ng th\u00f4ng qua vi\u1ec7c h\u1ee3p t\u00e1c v\u1edbi ph\u00e1p nh\u00e2n \u0111\u1ecba ph\u01b0\u01a1ng t\u1ea1i Philippines l\u00e0 Bridge Japan Philippines Inc., nh\u1eb1m \u0111\u1ea3m b\u1ea3o th\u1eddi gian l\u01b0u tr\u00fa an to\u00e0n v\u00e0 an t\u00e2m trong su\u1ed1t qu\u00e1 tr\u00ecnh du h\u1ecdc Philippines. T\u1eeb [&hellip;]<\/p>\n","protected":false},"author":1,"featured_media":7642,"parent":0,"menu_order":0,"comment_status":"closed","ping_status":"closed","template":"","meta":{"swell_btn_cv_data":"","ssp_meta_description":"","footnotes":""},"class_list":["post-7655","page","type-page","status-publish","has-post-thumbnail","hentry"],"_links":{"self":[{"href":"https:\/\/ryugakumura.com\/vi\/wp-json\/wp\/v2\/pages\/7655","targetHints":{"allow":["GET"]}}],"collection":[{"href":"https:\/\/ryugakumura.com\/vi\/wp-json\/wp\/v2\/pages"}],"about":[{"href":"https:\/\/ryugakumura.com\/vi\/wp-json\/wp\/v2\/types\/page"}],"author":[{"embeddable":true,"href":"https:\/\/ryugakumura.com\/vi\/wp-json\/wp\/v2\/users\/1"}],"replies":[{"embeddable":true,"href":"https:\/\/ryugakumura.com\/vi\/wp-json\/wp\/v2\/comments?post=7655"}],"version-history":[{"count":1,"href":"https:\/\/ryugakumura.com\/vi\/wp-json\/wp\/v2\/pages\/7655\/revisions"}],"predecessor-version":[{"id":7658,"href":"https:\/\/ryugakumura.com\/vi\/wp-json\/wp\/v2\/pages\/7655\/revisions\/7658"}],"wp:featuredmedia":[{"embeddable":true,"href":"https:\/\/ryugakumura.com\/vi\/wp-json\/wp\/v2\/media\/7642"}],"wp:attachment":[{"href":"https:\/\/ryugakumura.com\/vi\/wp-json\/wp\/v2\/media?parent=7655"}],"curies":[{"name":"wp","href":"https:\/\/api.w.org\/{rel}","templated":true}]}}